{"id":25556,"date":"2022-03-21T15:29:52","date_gmt":"2022-03-21T13:29:52","guid":{"rendered":"https:\/\/www.indfloor.ro\/pardoseli-sportive-indoor\/"},"modified":"2022-11-08T10:27:41","modified_gmt":"2022-11-08T08:27:41","slug":"indoor-sports-flooring","status":"publish","type":"page","link":"https:\/\/www.indfloor.ro\/en\/indoor-sports-flooring\/","title":{"rendered":"INDOOR SPORTS FLOORING"},"content":{"rendered":"<div class=\"wpb-content-wrapper\">[vc_row row_type=&#8221;main-section&#8221; bauen_section_layout=&#8221;section_grid&#8221;][vc_column][wr_vc_section_image featyretype=&#8221;st2&#8243; animate=&#8221;yes&#8221; image=&#8221;23856&#8243;][wr_vc_section_heading title=&#8221;INDOOR SPORTS FLOORING `{`span`}`&#8221; title2=&#8221;Bauen&#8221;]\n<p style=\"text-align: justify;\">Indoor sports floors are special floors, perfectly adapted to the practice of sports, being made to withstand:<br \/>\n\u2013 friction<br \/>\n\u2013 shocks<br \/>\n&#8211; deformation<br \/>\n&#8211; wear<br \/>\n\u2013 other mechanical factors<br \/>\nFor sports performed in multipurpose halls, the floor must have the characteristic of absorbing shocks, offering good grip and sound absorption.<\/p>\n<p>There is a variety of indoor sports flooring, depending on the type of sport played and the purpose of the gym or sports facility.[\/wr_vc_section_heading][wr_vc_section_heading animate=&#8221;yes&#8221; title2=&#8221;Bauen&#8221;]\n<p style=\"text-align: justify;\">An indoor sports floor must meet a number of requirements, depending on the sports activity for which it was installed. Regardless of whether we are talking about multi-layer parquet, PVC carpet, poured polyurethane floors, etc., the sports surface must support the performances of the players, whether they are amateurs or professionals.<br \/>\nIndfloor Group&#8217;s product portfolio includes a number of indoor flooring systems designed specifically for sports activity. The choice of system is made after the type of game and the degree of competition have been determined.<br \/>\nA professional indoor sports floor will ensure safety throughout the game, so the risk of injuries will be considerably reduced.<br \/>\nOther aspects involved in choosing an indoor sports floor:<br \/>\n\u2013 the thickness of the system<br \/>\n\u2013 the color combination<br \/>\n\u2013 the specific tracks of the chosen games<br \/>\n\u2013 bouncing the ball vertically (in the case of ball games)<br \/>\n&#8211; the fire class in which the flooring is classified<br \/>\n\u2013 the resistance to the installed devices (the case of fitness gyms), etc.<br \/>\nChoose to read about the types of indoor sports flooring:<\/p>\n[\/wr_vc_section_heading][vc_empty_space][\/vc_column][\/vc_row][vc_row row_type=&#8221;main-section&#8221; bauen_section_layout=&#8221;section_grid&#8221; bauen_df_padding_bottom=&#8221;section-padding2&#8243;][vc_column][vc_column_text]\n<h5>We install:<\/h5>\n[\/vc_column_text][\/vc_column][vc_column css_animation=&#8221;fadeInUp&#8221; width=&#8221;1\/4&#8243;][wr_vc_section_context]\n<h5>RECYCLED RUBBER TILES<\/h5>\n[\/wr_vc_section_context][wr_vc_section_image image=&#8221;23846&#8243; link_url=&#8221;\/recycled-rubber-tiles-for-fitness-gyms\/&#8221; link_target=&#8221;_blank&#8221;][\/vc_column][vc_column width=&#8221;1\/4&#8243;][wr_vc_section_context]\n<h5>POLYURETHANE SYSTEMS<\/h5>\n[\/wr_vc_section_context][wr_vc_section_image animate=&#8221;yes&#8221; image=&#8221;23844&#8243; link_url=&#8221;https:\/\/www.pardoselisport.ro\/conipur-hg-pentru-sali-de-sport\/&#8221; link_target=&#8221;_blank&#8221;][\/vc_column][vc_column css_animation=&#8221;fadeInUp&#8221; width=&#8221;1\/4&#8243;][wr_vc_section_context]\n<h5>INDOOR PVC CARPET<\/h5>\n[\/wr_vc_section_context][wr_vc_section_image animate=&#8221;yes&#8221; image=&#8221;23848&#8243; link_url=&#8221;https:\/\/www.pardoselisport.ro\/pvc-sali-de-sport\/&#8221; link_target=&#8221;_blank&#8221;][\/vc_column][vc_column css_animation=&#8221;fadeInUp&#8221; width=&#8221;1\/4&#8243;][wr_vc_section_context]\n<h5>CONIPUR PRO CLAY<\/h5>\n[\/wr_vc_section_context][wr_vc_section_image animate=&#8221;yes&#8221; image=&#8221;23850&#8243; link_url=&#8221;https:\/\/www.pardoselisport.ro\/conipur-pro-clay-pentru-terenuri-de-tenis-indoor\/&#8221; link_target=&#8221;_blank&#8221;][\/vc_column][\/vc_row][vc_row row_type=&#8221;main-section&#8221; bauen_section_layout=&#8221;section_grid&#8221; bauen_df_padding_bottom=&#8221;section-padding2&#8243;][vc_column css_animation=&#8221;fadeInUp&#8221; width=&#8221;1\/4&#8243;][wr_vc_section_context]\n<h5>ACRYLIC FLOORING<\/h5>\n[\/wr_vc_section_context][wr_vc_section_image image=&#8221;24897&#8243; link_url=&#8221;\/acrylic-flooring-for-indoor-and-outdoor-sport-areas\/&#8221; link_target=&#8221;_blank&#8221;][\/vc_column][vc_column][\/vc_column][vc_column][vc_empty_space][\/vc_column][\/vc_row][vc_row row_type=&#8221;main-section&#8221; bauen_section_layout=&#8221;section_grid&#8221;][vc_column][vc_empty_space][vc_column_text]\n<div class=\"vc_col-sm-12 wpb_column column_container col no-padding color-dark\" data-animation=\"\" data-delay=\"\">\n<div class=\"wpb_wrapper\">\n<div class=\"wpb_text_column wpb_content_element wpb_animate_when_almost_visible wpb_fadeInRightBig fadeInRightBig wpb_start_animation animated\">\n<div class=\"wpb_wrapper\">\n<p>Check our site <a href=\"https:\/\/www.pardoselisport.ro\/\" target=\"_blank\" rel=\"noopener noreferrer\"><strong>www.pardoselisport.ro<\/strong><\/a>.<\/p>\n<\/div>\n<\/div>\n<\/div>\n<\/div>\n<div class=\"vc_col-sm-12 wpb_column column_container col no-padding color-dark\" data-animation=\"\" data-delay=\"\">\n<div class=\"wpb_wrapper\"><\/div>\n<\/div>\n[\/vc_column_text][vc_empty_space][wr_vc_section_context]\n<h5>PROJECTS<\/h5>\n[\/wr_vc_section_context]<div class=\"sec-portfolio projects \"><div class=\"owl-carousel owl-theme\" data-projects-autoplay=\"true\" data-projects-speed=\"1500\" data-projects-nav=\"false\" data-projects-dots=\"true\"data-rtl=\"false\"><div class=\"item position-re-block\"><div class=\"osition-re position-re-order-carousel o-hidden\"><div class=\"cd-pt-ab\"><img decoding=\"async\" src=\"https:\/\/www.indfloor.ro\/wp-content\/uploads\/2021\/07\/covor-pvc-sportiv-8.jpg\" alt=\"\" \/><\/div><\/div><div class=\"con\"><h6><span class=\"cat-divider\">Sport indoor  <\/span><\/h6><h5><a href=\"https:\/\/www.indfloor.ro\/en\/portofoliu\/covor-pvc-sportiv-pentru-sala-sport-balesti-gorj\/\">Covor pvc sportiv pentru sal\u0103 sport B\u0103le\u0219ti Gorj<\/a><\/h5><div class=\"line\"><\/div> <a href=\"https:\/\/www.indfloor.ro\/en\/portofoliu\/covor-pvc-sportiv-pentru-sala-sport-balesti-gorj\/\"><i class=\"ti-arrow-right\"><\/i><\/a><\/div><\/div><div class=\"item position-re-block\"><div class=\"osition-re position-re-order-carousel o-hidden\"><div class=\"cd-pt-ab\"><img decoding=\"async\" src=\"https:\/\/www.indfloor.ro\/wp-content\/uploads\/2020\/06\/pardoseala-poliuretanica-conipur-hg4.jpeg\" alt=\"\" \/><\/div><\/div><div class=\"con\"><h6><span class=\"cat-divider\">Sport indoor  <\/span><\/h6><h5><a href=\"https:\/\/www.indfloor.ro\/en\/portofoliu\/pardoseala-poliuretanica-sala-sport-liceul-sportiv-bacau\/\">Pardoseal\u0103 poliuretanic\u0103 sal\u0103 sport Liceul Sportiv Bac\u0103u<\/a><\/h5><div class=\"line\"><\/div> <a href=\"https:\/\/www.indfloor.ro\/en\/portofoliu\/pardoseala-poliuretanica-sala-sport-liceul-sportiv-bacau\/\"><i class=\"ti-arrow-right\"><\/i><\/a><\/div><\/div><div class=\"item position-re-block\"><div class=\"osition-re position-re-order-carousel o-hidden\"><div class=\"cd-pt-ab\"><img decoding=\"async\" src=\"https:\/\/www.indfloor.ro\/wp-content\/uploads\/2020\/06\/pro-clay-indoor.jpg\" alt=\"\" \/><\/div><\/div><div class=\"con\"><h6><span class=\"cat-divider\">Sport indoor  <\/span><\/h6><h5><a href=\"https:\/\/www.indfloor.ro\/en\/portofoliu\/conipur-pro-clay-indoor-judetul-arges\/\">Conipur Pro Clay indoor jude\u021bul Arge\u0219<\/a><\/h5><div class=\"line\"><\/div> <a href=\"https:\/\/www.indfloor.ro\/en\/portofoliu\/conipur-pro-clay-indoor-judetul-arges\/\"><i class=\"ti-arrow-right\"><\/i><\/a><\/div><\/div><div class=\"item position-re-block\"><div class=\"osition-re position-re-order-carousel o-hidden\"><div class=\"cd-pt-ab\"><img decoding=\"async\" src=\"https:\/\/www.indfloor.ro\/wp-content\/uploads\/2020\/01\/parchet_sala_sport5.jpeg\" alt=\"\" \/><\/div><\/div><div class=\"con\"><h6><span class=\"cat-divider\">Sport indoor  <\/span><\/h6><h5><a href=\"https:\/\/www.indfloor.ro\/en\/portofoliu\/parchet-sportiv-colegiul-economic-buzau\/\">Parchet sportiv Colegiul Economic Buz\u0103u<\/a><\/h5><div class=\"line\"><\/div> <a href=\"https:\/\/www.indfloor.ro\/en\/portofoliu\/parchet-sportiv-colegiul-economic-buzau\/\"><i class=\"ti-arrow-right\"><\/i><\/a><\/div><\/div><div class=\"item position-re-block\"><div class=\"osition-re position-re-order-carousel o-hidden\"><div class=\"cd-pt-ab\"><img decoding=\"async\" src=\"https:\/\/www.indfloor.ro\/wp-content\/uploads\/2019\/10\/parchet_haro.jpeg\" alt=\"\" \/><\/div><\/div><div class=\"con\"><h6><span class=\"cat-divider\">Sport indoor  <\/span><\/h6><h5><a href=\"https:\/\/www.indfloor.ro\/en\/portofoliu\/parchet-haro-pentru-sala-sport-css-buzau\/\">Parchet Haro pentru sal\u0103 sport CSS Buz\u0103u<\/a><\/h5><div class=\"line\"><\/div> <a href=\"https:\/\/www.indfloor.ro\/en\/portofoliu\/parchet-haro-pentru-sala-sport-css-buzau\/\"><i class=\"ti-arrow-right\"><\/i><\/a><\/div><\/div><\/div><\/div>[\/vc_column][vc_column][\/vc_column][\/vc_row][vc_row row_type=&#8221;main-section&#8221; bauen_section_layout=&#8221;section_grid&#8221;][vc_column width=&#8221;1\/3&#8243;][\/vc_column][vc_column width=&#8221;1\/3&#8243;][vc_empty_space][wr_vc_pricings button_name=&#8221;REQUEST A QUOTE&#8221; link_url=&#8221;\/en\/contact-indfloor-group\/&#8221;][\/wr_vc_pricings][\/vc_column][vc_column width=&#8221;1\/3&#8243;][\/vc_column][\/vc_row]\n<\/div>","protected":false},"excerpt":{"rendered":"<p>[vc_row row_type=&#8221;main-section&#8221; bauen_section_layout=&#8221;section_grid&#8221;][vc_column][wr_vc_section_image featyretype=&#8221;st2&#8243; animate=&#8221;yes&#8221; image=&#8221;23856&#8243;][wr_vc_section_heading title=&#8221;INDOOR SPORTS FLOORING `{`span`}`&#8221; title2=&#8221;Bauen&#8221;] Indoor sports floors are special floors, perfectly adapted to the practice of sports, being made to withstand: \u2013 friction \u2013 shocks &#8211; deformation &#8211; wear \u2013 other mechanical factors For sports performed in multipurpose halls, the floor must have the characteristic of absorbing shocks, offering good grip and sound&#8230;<\/p>\n","protected":false},"author":2,"featured_media":0,"parent":0,"menu_order":0,"comment_status":"closed","ping_status":"closed","template":"","meta":{"footnotes":"","_links_to":"","_links_to_target":""},"class_list":["post-25556","page","type-page","status-publish","hentry"],"yoast_head":"<!-- This site is optimized with the Yoast SEO Premium plugin v26.1 (Yoast SEO v26.1.1) - https:\/\/yoast.com\/wordpress\/plugins\/seo\/ -->\n<title>Indoor sports flooring - PVC carpet for sport halls, recycled rubber tiles<\/title>\n<meta name=\"description\" content=\"We offer various solutions for indoor sports flooring - PVC carpet for sport halls, recycled rubber tiles for fitness areas, polyurethane systems.\" \/>\n<meta name=\"robots\" content=\"index, follow, max-snippet:-1, max-image-preview:large, max-video-preview:-1\" \/>\n<link rel=\"canonical\" href=\"https:\/\/www.indfloor.ro\/en\/indoor-sports-flooring\/\" \/>\n<meta property=\"og:locale\" content=\"en_US\" \/>\n<meta property=\"og:type\" content=\"article\" \/>\n<meta property=\"og:title\" content=\"INDOOR SPORTS FLOORING\" \/>\n<meta property=\"og:description\" content=\"We offer various solutions for indoor sports flooring - PVC carpet for sport halls, recycled rubber tiles for fitness areas, polyurethane systems.\" \/>\n<meta property=\"og:url\" content=\"https:\/\/www.indfloor.ro\/en\/indoor-sports-flooring\/\" \/>\n<meta property=\"og:site_name\" content=\"Indfloor Group\" \/>\n<meta property=\"article:modified_time\" content=\"2022-11-08T08:27:41+00:00\" \/>\n<meta property=\"og:image\" content=\"https:\/\/www.indfloor.ro\/wp-content\/uploads\/2021\/08\/pardoseli-din-cauciuc.jpg\" \/>\n\t<meta property=\"og:image:width\" content=\"1024\" \/>\n\t<meta property=\"og:image:height\" content=\"576\" \/>\n\t<meta property=\"og:image:type\" content=\"image\/jpeg\" \/>\n<meta name=\"twitter:card\" content=\"summary_large_image\" \/>\n<meta name=\"twitter:label1\" content=\"Est. reading time\" \/>\n\t<meta name=\"twitter:data1\" content=\"3 minutes\" \/>\n<script type=\"application\/ld+json\" class=\"yoast-schema-graph\">{\"@context\":\"https:\/\/schema.org\",\"@graph\":[{\"@type\":\"WebPage\",\"@id\":\"https:\/\/www.indfloor.ro\/en\/indoor-sports-flooring\/\",\"url\":\"https:\/\/www.indfloor.ro\/en\/indoor-sports-flooring\/\",\"name\":\"Indoor sports flooring - PVC carpet for sport halls, recycled rubber tiles\",\"isPartOf\":{\"@id\":\"https:\/\/www.indfloor.ro\/en\/#website\"},\"datePublished\":\"2022-03-21T13:29:52+00:00\",\"dateModified\":\"2022-11-08T08:27:41+00:00\",\"description\":\"We offer various solutions for indoor sports flooring - PVC carpet for sport halls, recycled rubber tiles for fitness areas, polyurethane systems.\",\"breadcrumb\":{\"@id\":\"https:\/\/www.indfloor.ro\/en\/indoor-sports-flooring\/#breadcrumb\"},\"inLanguage\":\"en-US\",\"potentialAction\":[{\"@type\":\"ReadAction\",\"target\":[\"https:\/\/www.indfloor.ro\/en\/indoor-sports-flooring\/\"]}]},{\"@type\":\"BreadcrumbList\",\"@id\":\"https:\/\/www.indfloor.ro\/en\/indoor-sports-flooring\/#breadcrumb\",\"itemListElement\":[{\"@type\":\"ListItem\",\"position\":1,\"name\":\"Prima pagin\u0103\",\"item\":\"https:\/\/www.indfloor.ro\/en\/\"},{\"@type\":\"ListItem\",\"position\":2,\"name\":\"INDOOR SPORTS FLOORING\"}]},{\"@type\":\"WebSite\",\"@id\":\"https:\/\/www.indfloor.ro\/en\/#website\",\"url\":\"https:\/\/www.indfloor.ro\/en\/\",\"name\":\"Indfloor Group\",\"description\":\"pardoseli profesionale\",\"potentialAction\":[{\"@type\":\"SearchAction\",\"target\":{\"@type\":\"EntryPoint\",\"urlTemplate\":\"https:\/\/www.indfloor.ro\/en\/?s={search_term_string}\"},\"query-input\":{\"@type\":\"PropertyValueSpecification\",\"valueRequired\":true,\"valueName\":\"search_term_string\"}}],\"inLanguage\":\"en-US\"}]}<\/script>\n<!-- \/ Yoast SEO Premium plugin. -->","yoast_head_json":{"title":"Indoor sports flooring - PVC carpet for sport halls, recycled rubber tiles","description":"We offer various solutions for indoor sports flooring - PVC carpet for sport halls, recycled rubber tiles for fitness areas, polyurethane systems.","robots":{"index":"index","follow":"follow","max-snippet":"max-snippet:-1","max-image-preview":"max-image-preview:large","max-video-preview":"max-video-preview:-1"},"canonical":"https:\/\/www.indfloor.ro\/en\/indoor-sports-flooring\/","og_locale":"en_US","og_type":"article","og_title":"INDOOR SPORTS FLOORING","og_description":"We offer various solutions for indoor sports flooring - PVC carpet for sport halls, recycled rubber tiles for fitness areas, polyurethane systems.","og_url":"https:\/\/www.indfloor.ro\/en\/indoor-sports-flooring\/","og_site_name":"Indfloor Group","article_modified_time":"2022-11-08T08:27:41+00:00","og_image":[{"width":1024,"height":576,"url":"https:\/\/www.indfloor.ro\/wp-content\/uploads\/2021\/08\/pardoseli-din-cauciuc.jpg","type":"image\/jpeg"}],"twitter_card":"summary_large_image","twitter_misc":{"Est. reading time":"3 minutes"},"schema":{"@context":"https:\/\/schema.org","@graph":[{"@type":"WebPage","@id":"https:\/\/www.indfloor.ro\/en\/indoor-sports-flooring\/","url":"https:\/\/www.indfloor.ro\/en\/indoor-sports-flooring\/","name":"Indoor sports flooring - PVC carpet for sport halls, recycled rubber tiles","isPartOf":{"@id":"https:\/\/www.indfloor.ro\/en\/#website"},"datePublished":"2022-03-21T13:29:52+00:00","dateModified":"2022-11-08T08:27:41+00:00","description":"We offer various solutions for indoor sports flooring - PVC carpet for sport halls, recycled rubber tiles for fitness areas, polyurethane systems.","breadcrumb":{"@id":"https:\/\/www.indfloor.ro\/en\/indoor-sports-flooring\/#breadcrumb"},"inLanguage":"en-US","potentialAction":[{"@type":"ReadAction","target":["https:\/\/www.indfloor.ro\/en\/indoor-sports-flooring\/"]}]},{"@type":"BreadcrumbList","@id":"https:\/\/www.indfloor.ro\/en\/indoor-sports-flooring\/#breadcrumb","itemListElement":[{"@type":"ListItem","position":1,"name":"Prima pagin\u0103","item":"https:\/\/www.indfloor.ro\/en\/"},{"@type":"ListItem","position":2,"name":"INDOOR SPORTS FLOORING"}]},{"@type":"WebSite","@id":"https:\/\/www.indfloor.ro\/en\/#website","url":"https:\/\/www.indfloor.ro\/en\/","name":"Indfloor Group","description":"pardoseli profesionale","potentialAction":[{"@type":"SearchAction","target":{"@type":"EntryPoint","urlTemplate":"https:\/\/www.indfloor.ro\/en\/?s={search_term_string}"},"query-input":{"@type":"PropertyValueSpecification","valueRequired":true,"valueName":"search_term_string"}}],"inLanguage":"en-US"}]}},"_links":{"self":[{"href":"https:\/\/www.indfloor.ro\/en\/wp-json\/wp\/v2\/pages\/25556","targetHints":{"allow":["GET"]}}],"collection":[{"href":"https:\/\/www.indfloor.ro\/en\/wp-json\/wp\/v2\/pages"}],"about":[{"href":"https:\/\/www.indfloor.ro\/en\/wp-json\/wp\/v2\/types\/page"}],"author":[{"embeddable":true,"href":"https:\/\/www.indfloor.ro\/en\/wp-json\/wp\/v2\/users\/2"}],"replies":[{"embeddable":true,"href":"https:\/\/www.indfloor.ro\/en\/wp-json\/wp\/v2\/comments?post=25556"}],"version-history":[{"count":6,"href":"https:\/\/www.indfloor.ro\/en\/wp-json\/wp\/v2\/pages\/25556\/revisions"}],"predecessor-version":[{"id":26397,"href":"https:\/\/www.indfloor.ro\/en\/wp-json\/wp\/v2\/pages\/25556\/revisions\/26397"}],"wp:attachment":[{"href":"https:\/\/www.indfloor.ro\/en\/wp-json\/wp\/v2\/media?parent=25556"}],"curies":[{"name":"wp","href":"https:\/\/api.w.org\/{rel}","templated":true}]}}