{"id":25605,"date":"2022-04-18T11:58:20","date_gmt":"2022-04-18T08:58:20","guid":{"rendered":"https:\/\/www.indfloor.ro\/portfolio-indfloor-group\/sport-indoor\/"},"modified":"2022-11-10T11:57:50","modified_gmt":"2022-11-10T09:57:50","slug":"indoor-sports-flooring-projects","status":"publish","type":"page","link":"https:\/\/www.indfloor.ro\/en\/portfolio-indfloor-group\/indoor-sports-flooring-projects\/","title":{"rendered":"Indoor sports"},"content":{"rendered":"<div class=\"wpb-content-wrapper\">[vc_row top_padding=&#8221;60&#8243; bg_position=&#8221;left top&#8221;][vc_column][vc_column_text]\n<h5>INDFLOOR GROUP &#8211; PORTFOLIO<\/h5>\n<p style=\"text-align: justify;\">We present you some of our successful projects. Browse the gallery according to the types of flooring which we install. Our vast portfolio counts hundreds of national reference projects!<\/p>\n[\/vc_column_text][\/vc_column][\/vc_row][vc_row type=&#8221;full_width_section&#8221; bottom_padding=&#8221;40&#8243; bg_position=&#8221;left top&#8221;][vc_column][vc_btn title=&#8221;All&#8221; i_icon_fontawesome=&#8221;fas fa-hand-point-right&#8221; add_icon=&#8221;true&#8221; css=&#8221;.vc_custom_1667470411550{margin-right: 10px !important;}&#8221; link=&#8221;url:https%3A%2F%2Fwww.indfloor.ro%2Fen%2Fportfolio-indfloor-group%2F&#8221;][vc_btn title=&#8221;Sport outdoor&#8221; link=&#8221;url:https%3A%2F%2Fwww.indfloor.ro%2Fen%2Fportfolio-indfloor-group%2Foutdoor-sports-flooring%2F&#8221; css=&#8221;.vc_custom_1667470423644{margin-right: 10px !important;}&#8221;][vc_btn title=&#8221;Sport indoor&#8221; color=&#8221;chino&#8221; css=&#8221;.vc_custom_1651150854415{margin-right: 10px !important;}&#8221; link=&#8221;title:Portofoliu%20Interior&#8221;][vc_btn title=&#8221;Artificial grass&#8221; link=&#8221;url:https%3A%2F%2Fwww.indfloor.ro%2Fen%2Fportfolio-indfloor-group%2Fartificial-grass-projects-for-sport-fields%2F&#8221; css=&#8221;.vc_custom_1667476679626{margin-right: 10px !important;}&#8221;][vc_btn title=&#8221;Playgrounds&#8221; link=&#8221;url:https%3A%2F%2Fwww.indfloor.ro%2Fen%2Fportfolio-indfloor-group%2Fprofessional-flooring-systems-for-playgrounds%2F&#8221; css=&#8221;.vc_custom_1667475978526{margin-right: 10px !important;}&#8221;][vc_btn title=&#8221;PVC carpet&#8221; link=&#8221;url:https%3A%2F%2Fwww.indfloor.ro%2Fen%2Fportfolio-indfloor-group%2Fpvc-carpet-projects%2F&#8221; css=&#8221;.vc_custom_1667476525772{margin-right: 10px !important;}&#8221;][vc_btn title=&#8221;Professional carpet&#8221; link=&#8221;url:https%3A%2F%2Fwww.indfloor.ro%2Fen%2Fportfolio-indfloor-group%2Fprofessional-carpet-projects%2F&#8221; css=&#8221;.vc_custom_1668066610303{margin-right: 10px !important;}&#8221;][vc_btn title=&#8221;Conipave&#8221; link=&#8221;url:https%3A%2F%2Fwww.indfloor.ro%2Fen%2Fportfolio-indfloor-group%2Fconipave-projects%2F&#8221; css=&#8221;.vc_custom_1668069979877{margin-right: 10px !important;}&#8221;][vc_btn title=&#8221;Handrails&#8221; link=&#8221;url:https%3A%2F%2Fwww.indfloor.ro%2Fen%2Fportfolio-indfloor-group%2Fhandrails-projects%2F&#8221; css=&#8221;.vc_custom_1668071095095{margin-right: 10px !important;}&#8221;][vc_btn title=&#8221;Retopping&#8221; link=&#8221;url:https%3A%2F%2Fwww.indfloor.ro%2Fen%2Fportfolio-indfloor-group%2Fretopping-floors-projects%2F&#8221; css=&#8221;.vc_custom_1668074261000{margin-right: 10px !important;}&#8221;]<div class=\"sec-portfolio projects \"><div class=\"container-after\"><div class=\"row isotope-items-wrap  no-hide-last loadmore-wrapper\" data-load-item=\"8\" data-button-text=\"Load more\"><div class=\"grid-sizer\"><\/div><div class=\"isotope-item col-md-6 pardoseli-sportive-indoor-en \"><div class=\"item\"><div class=\"position-re position-re-order-grid o-hidden\"><div class=\"cd-pt-ab\"><img decoding=\"async\" src=\"https:\/\/www.indfloor.ro\/wp-content\/uploads\/2021\/07\/covor-pvc-sportiv-8.jpg\" alt=\"\" \/><\/div><\/div><div class=\"con\"><h6><span class=\"cat-divider\">Sport indoor  <\/span><\/h6><h5><a href=\"https:\/\/www.indfloor.ro\/en\/portofoliu\/covor-pvc-sportiv-pentru-sala-sport-balesti-gorj\/\">Covor pvc sportiv pentru sal\u0103 sport B\u0103le\u0219ti Gorj<\/a><\/h5><div class=\"line\"><\/div> <a href=\"https:\/\/www.indfloor.ro\/en\/portofoliu\/covor-pvc-sportiv-pentru-sala-sport-balesti-gorj\/\"><i class=\"ti-arrow-right\"><\/i><\/a><\/div><\/div><\/div><div class=\"isotope-item col-md-6 pardoseli-sportive-indoor-en \"><div class=\"item\"><div class=\"position-re position-re-order-grid o-hidden\"><div class=\"cd-pt-ab\"><img decoding=\"async\" src=\"https:\/\/www.indfloor.ro\/wp-content\/uploads\/2020\/06\/pardoseala-poliuretanica-conipur-hg4.jpeg\" alt=\"\" \/><\/div><\/div><div class=\"con\"><h6><span class=\"cat-divider\">Sport indoor  <\/span><\/h6><h5><a href=\"https:\/\/www.indfloor.ro\/en\/portofoliu\/pardoseala-poliuretanica-sala-sport-liceul-sportiv-bacau\/\">Pardoseal\u0103 poliuretanic\u0103 sal\u0103 sport Liceul Sportiv Bac\u0103u<\/a><\/h5><div class=\"line\"><\/div> <a href=\"https:\/\/www.indfloor.ro\/en\/portofoliu\/pardoseala-poliuretanica-sala-sport-liceul-sportiv-bacau\/\"><i class=\"ti-arrow-right\"><\/i><\/a><\/div><\/div><\/div><div class=\"isotope-item col-md-6 pardoseli-sportive-indoor-en \"><div class=\"item\"><div class=\"position-re position-re-order-grid o-hidden\"><div class=\"cd-pt-ab\"><img decoding=\"async\" src=\"https:\/\/www.indfloor.ro\/wp-content\/uploads\/2020\/06\/pro-clay-indoor.jpg\" alt=\"\" \/><\/div><\/div><div class=\"con\"><h6><span class=\"cat-divider\">Sport indoor  <\/span><\/h6><h5><a href=\"https:\/\/www.indfloor.ro\/en\/portofoliu\/conipur-pro-clay-indoor-judetul-arges\/\">Conipur Pro Clay indoor jude\u021bul Arge\u0219<\/a><\/h5><div class=\"line\"><\/div> <a href=\"https:\/\/www.indfloor.ro\/en\/portofoliu\/conipur-pro-clay-indoor-judetul-arges\/\"><i class=\"ti-arrow-right\"><\/i><\/a><\/div><\/div><\/div><div class=\"isotope-item col-md-6 pardoseli-sportive-indoor-en \"><div class=\"item\"><div class=\"position-re position-re-order-grid o-hidden\"><div class=\"cd-pt-ab\"><img decoding=\"async\" src=\"https:\/\/www.indfloor.ro\/wp-content\/uploads\/2020\/01\/parchet_sala_sport5.jpeg\" alt=\"\" \/><\/div><\/div><div class=\"con\"><h6><span class=\"cat-divider\">Sport indoor  <\/span><\/h6><h5><a href=\"https:\/\/www.indfloor.ro\/en\/portofoliu\/parchet-sportiv-colegiul-economic-buzau\/\">Parchet sportiv Colegiul Economic Buz\u0103u<\/a><\/h5><div class=\"line\"><\/div> <a href=\"https:\/\/www.indfloor.ro\/en\/portofoliu\/parchet-sportiv-colegiul-economic-buzau\/\"><i class=\"ti-arrow-right\"><\/i><\/a><\/div><\/div><\/div><div class=\"isotope-item col-md-6 pardoseli-sportive-indoor-en \"><div class=\"item\"><div class=\"position-re position-re-order-grid o-hidden\"><div class=\"cd-pt-ab\"><img decoding=\"async\" src=\"https:\/\/www.indfloor.ro\/wp-content\/uploads\/2019\/10\/parchet_haro.jpeg\" alt=\"\" \/><\/div><\/div><div class=\"con\"><h6><span class=\"cat-divider\">Sport indoor  <\/span><\/h6><h5><a href=\"https:\/\/www.indfloor.ro\/en\/portofoliu\/parchet-haro-pentru-sala-sport-css-buzau\/\">Parchet Haro pentru sal\u0103 sport CSS Buz\u0103u<\/a><\/h5><div class=\"line\"><\/div> <a href=\"https:\/\/www.indfloor.ro\/en\/portofoliu\/parchet-haro-pentru-sala-sport-css-buzau\/\"><i class=\"ti-arrow-right\"><\/i><\/a><\/div><\/div><\/div><\/div><\/div><\/div>[\/vc_column][\/vc_row]\n<\/div>","protected":false},"excerpt":{"rendered":"<p>[vc_row top_padding=&#8221;60&#8243; bg_position=&#8221;left top&#8221;][vc_column][vc_column_text] INDFLOOR GROUP &#8211; PORTFOLIO We present you some of our successful projects. Browse the gallery according to the types of flooring which we install. Our vast portfolio counts hundreds of national reference projects! [\/vc_column_text][\/vc_column][\/vc_row][vc_row type=&#8221;full_width_section&#8221; bottom_padding=&#8221;40&#8243; bg_position=&#8221;left top&#8221;][vc_column][vc_btn title=&#8221;All&#8221; i_icon_fontawesome=&#8221;fas fa-hand-point-right&#8221; add_icon=&#8221;true&#8221; css=&#8221;.vc_custom_1667470411550{margin-right: 10px !important;}&#8221; link=&#8221;url:https%3A%2F%2Fwww.indfloor.ro%2Fen%2Fportfolio-indfloor-group%2F&#8221;][vc_btn title=&#8221;Sport outdoor&#8221; link=&#8221;url:https%3A%2F%2Fwww.indfloor.ro%2Fen%2Fportfolio-indfloor-group%2Foutdoor-sports-flooring%2F&#8221; css=&#8221;.vc_custom_1667470423644{margin-right: 10px !important;}&#8221;][vc_btn title=&#8221;Sport indoor&#8221; color=&#8221;chino&#8221; css=&#8221;.vc_custom_1651150854415{margin-right:&#8230;<\/p>\n","protected":false},"author":4,"featured_media":0,"parent":25588,"menu_order":0,"comment_status":"closed","ping_status":"closed","template":"","meta":{"footnotes":"","_links_to":"","_links_to_target":""},"class_list":["post-25605","page","type-page","status-publish","hentry"],"yoast_head":"<!-- This site is optimized with the Yoast SEO Premium plugin v26.1 (Yoast SEO v26.1.1) - https:\/\/yoast.com\/wordpress\/plugins\/seo\/ -->\n<title>Portofoliu sport indoor - galerii foto cu pardoseli sport indoor de la Indfloor<\/title>\n<meta name=\"description\" content=\"Indfloor Group prezinta lucrari cu pardoseli indoor in categoria portofoliu sport indoor. Montam pardoseli sportive: covor PVC, pardoseli poliuretanice\" \/>\n<meta name=\"robots\" content=\"index, follow, max-snippet:-1, max-image-preview:large, max-video-preview:-1\" \/>\n<link rel=\"canonical\" href=\"https:\/\/www.indfloor.ro\/en\/portfolio-indfloor-group\/indoor-sports-flooring-projects\/\" \/>\n<meta property=\"og:locale\" content=\"en_US\" \/>\n<meta property=\"og:type\" content=\"article\" \/>\n<meta property=\"og:title\" content=\"Indoor sports\" \/>\n<meta property=\"og:description\" content=\"Indfloor Group prezinta lucrari cu pardoseli indoor in categoria portofoliu sport indoor. Montam pardoseli sportive: covor PVC, pardoseli poliuretanice\" \/>\n<meta property=\"og:url\" content=\"https:\/\/www.indfloor.ro\/en\/portfolio-indfloor-group\/indoor-sports-flooring-projects\/\" \/>\n<meta property=\"og:site_name\" content=\"Indfloor Group\" \/>\n<meta property=\"article:modified_time\" content=\"2022-11-10T09:57:50+00:00\" \/>\n<meta property=\"og:image\" content=\"https:\/\/www.indfloor.ro\/wp-content\/uploads\/2021\/08\/pardoseli-din-cauciuc.jpg\" \/>\n\t<meta property=\"og:image:width\" content=\"1024\" \/>\n\t<meta property=\"og:image:height\" content=\"576\" \/>\n\t<meta property=\"og:image:type\" content=\"image\/jpeg\" \/>\n<meta name=\"twitter:card\" content=\"summary_large_image\" \/>\n<meta name=\"twitter:label1\" content=\"Est. reading time\" \/>\n\t<meta name=\"twitter:data1\" content=\"2 minutes\" \/>\n<script type=\"application\/ld+json\" class=\"yoast-schema-graph\">{\"@context\":\"https:\/\/schema.org\",\"@graph\":[{\"@type\":\"WebPage\",\"@id\":\"https:\/\/www.indfloor.ro\/en\/portfolio-indfloor-group\/indoor-sports-flooring-projects\/\",\"url\":\"https:\/\/www.indfloor.ro\/en\/portfolio-indfloor-group\/indoor-sports-flooring-projects\/\",\"name\":\"Portofoliu sport indoor - galerii foto cu pardoseli sport indoor de la Indfloor\",\"isPartOf\":{\"@id\":\"https:\/\/www.indfloor.ro\/en\/#website\"},\"datePublished\":\"2022-04-18T08:58:20+00:00\",\"dateModified\":\"2022-11-10T09:57:50+00:00\",\"description\":\"Indfloor Group prezinta lucrari cu pardoseli indoor in categoria portofoliu sport indoor. Montam pardoseli sportive: covor PVC, pardoseli poliuretanice\",\"breadcrumb\":{\"@id\":\"https:\/\/www.indfloor.ro\/en\/portfolio-indfloor-group\/indoor-sports-flooring-projects\/#breadcrumb\"},\"inLanguage\":\"en-US\",\"potentialAction\":[{\"@type\":\"ReadAction\",\"target\":[\"https:\/\/www.indfloor.ro\/en\/portfolio-indfloor-group\/indoor-sports-flooring-projects\/\"]}]},{\"@type\":\"BreadcrumbList\",\"@id\":\"https:\/\/www.indfloor.ro\/en\/portfolio-indfloor-group\/indoor-sports-flooring-projects\/#breadcrumb\",\"itemListElement\":[{\"@type\":\"ListItem\",\"position\":1,\"name\":\"Prima pagin\u0103\",\"item\":\"https:\/\/www.indfloor.ro\/en\/\"},{\"@type\":\"ListItem\",\"position\":2,\"name\":\"Portfolio\",\"item\":\"https:\/\/www.indfloor.ro\/en\/portfolio-indfloor-group\/\"},{\"@type\":\"ListItem\",\"position\":3,\"name\":\"Indoor sports\"}]},{\"@type\":\"WebSite\",\"@id\":\"https:\/\/www.indfloor.ro\/en\/#website\",\"url\":\"https:\/\/www.indfloor.ro\/en\/\",\"name\":\"Indfloor Group\",\"description\":\"pardoseli profesionale\",\"potentialAction\":[{\"@type\":\"SearchAction\",\"target\":{\"@type\":\"EntryPoint\",\"urlTemplate\":\"https:\/\/www.indfloor.ro\/en\/?s={search_term_string}\"},\"query-input\":{\"@type\":\"PropertyValueSpecification\",\"valueRequired\":true,\"valueName\":\"search_term_string\"}}],\"inLanguage\":\"en-US\"}]}<\/script>\n<!-- \/ Yoast SEO Premium plugin. -->","yoast_head_json":{"title":"Portofoliu sport indoor - galerii foto cu pardoseli sport indoor de la Indfloor","description":"Indfloor Group prezinta lucrari cu pardoseli indoor in categoria portofoliu sport indoor. Montam pardoseli sportive: covor PVC, pardoseli poliuretanice","robots":{"index":"index","follow":"follow","max-snippet":"max-snippet:-1","max-image-preview":"max-image-preview:large","max-video-preview":"max-video-preview:-1"},"canonical":"https:\/\/www.indfloor.ro\/en\/portfolio-indfloor-group\/indoor-sports-flooring-projects\/","og_locale":"en_US","og_type":"article","og_title":"Indoor sports","og_description":"Indfloor Group prezinta lucrari cu pardoseli indoor in categoria portofoliu sport indoor. Montam pardoseli sportive: covor PVC, pardoseli poliuretanice","og_url":"https:\/\/www.indfloor.ro\/en\/portfolio-indfloor-group\/indoor-sports-flooring-projects\/","og_site_name":"Indfloor Group","article_modified_time":"2022-11-10T09:57:50+00:00","og_image":[{"width":1024,"height":576,"url":"https:\/\/www.indfloor.ro\/wp-content\/uploads\/2021\/08\/pardoseli-din-cauciuc.jpg","type":"image\/jpeg"}],"twitter_card":"summary_large_image","twitter_misc":{"Est. reading time":"2 minutes"},"schema":{"@context":"https:\/\/schema.org","@graph":[{"@type":"WebPage","@id":"https:\/\/www.indfloor.ro\/en\/portfolio-indfloor-group\/indoor-sports-flooring-projects\/","url":"https:\/\/www.indfloor.ro\/en\/portfolio-indfloor-group\/indoor-sports-flooring-projects\/","name":"Portofoliu sport indoor - galerii foto cu pardoseli sport indoor de la Indfloor","isPartOf":{"@id":"https:\/\/www.indfloor.ro\/en\/#website"},"datePublished":"2022-04-18T08:58:20+00:00","dateModified":"2022-11-10T09:57:50+00:00","description":"Indfloor Group prezinta lucrari cu pardoseli indoor in categoria portofoliu sport indoor. Montam pardoseli sportive: covor PVC, pardoseli poliuretanice","breadcrumb":{"@id":"https:\/\/www.indfloor.ro\/en\/portfolio-indfloor-group\/indoor-sports-flooring-projects\/#breadcrumb"},"inLanguage":"en-US","potentialAction":[{"@type":"ReadAction","target":["https:\/\/www.indfloor.ro\/en\/portfolio-indfloor-group\/indoor-sports-flooring-projects\/"]}]},{"@type":"BreadcrumbList","@id":"https:\/\/www.indfloor.ro\/en\/portfolio-indfloor-group\/indoor-sports-flooring-projects\/#breadcrumb","itemListElement":[{"@type":"ListItem","position":1,"name":"Prima pagin\u0103","item":"https:\/\/www.indfloor.ro\/en\/"},{"@type":"ListItem","position":2,"name":"Portfolio","item":"https:\/\/www.indfloor.ro\/en\/portfolio-indfloor-group\/"},{"@type":"ListItem","position":3,"name":"Indoor sports"}]},{"@type":"WebSite","@id":"https:\/\/www.indfloor.ro\/en\/#website","url":"https:\/\/www.indfloor.ro\/en\/","name":"Indfloor Group","description":"pardoseli profesionale","potentialAction":[{"@type":"SearchAction","target":{"@type":"EntryPoint","urlTemplate":"https:\/\/www.indfloor.ro\/en\/?s={search_term_string}"},"query-input":{"@type":"PropertyValueSpecification","valueRequired":true,"valueName":"search_term_string"}}],"inLanguage":"en-US"}]}},"_links":{"self":[{"href":"https:\/\/www.indfloor.ro\/en\/wp-json\/wp\/v2\/pages\/25605","targetHints":{"allow":["GET"]}}],"collection":[{"href":"https:\/\/www.indfloor.ro\/en\/wp-json\/wp\/v2\/pages"}],"about":[{"href":"https:\/\/www.indfloor.ro\/en\/wp-json\/wp\/v2\/types\/page"}],"author":[{"embeddable":true,"href":"https:\/\/www.indfloor.ro\/en\/wp-json\/wp\/v2\/users\/4"}],"replies":[{"embeddable":true,"href":"https:\/\/www.indfloor.ro\/en\/wp-json\/wp\/v2\/comments?post=25605"}],"version-history":[{"count":10,"href":"https:\/\/www.indfloor.ro\/en\/wp-json\/wp\/v2\/pages\/25605\/revisions"}],"predecessor-version":[{"id":26973,"href":"https:\/\/www.indfloor.ro\/en\/wp-json\/wp\/v2\/pages\/25605\/revisions\/26973"}],"up":[{"embeddable":true,"href":"https:\/\/www.indfloor.ro\/en\/wp-json\/wp\/v2\/pages\/25588"}],"wp:attachment":[{"href":"https:\/\/www.indfloor.ro\/en\/wp-json\/wp\/v2\/media?parent=25605"}],"curies":[{"name":"wp","href":"https:\/\/api.w.org\/{rel}","templated":true}]}}