{"id":26926,"date":"2022-04-28T15:55:09","date_gmt":"2022-04-28T12:55:09","guid":{"rendered":"https:\/\/www.indfloor.ro\/portfolio-indfloor-group\/mocheta\/"},"modified":"2022-11-10T10:17:59","modified_gmt":"2022-11-10T08:17:59","slug":"professional-carpet-projects","status":"publish","type":"page","link":"https:\/\/www.indfloor.ro\/en\/portfolio-indfloor-group\/professional-carpet-projects\/","title":{"rendered":"Professional carpet"},"content":{"rendered":"<div class=\"wpb-content-wrapper\">[vc_row top_padding=&#8221;60&#8243; bg_position=&#8221;left top&#8221;][vc_column][vc_column_text]\n<h5>INDFLOOR GROUP &#8211; PORTFOLIO<\/h5>\n<p style=\"text-align: justify;\">We present you some of our successful projects. Browse the gallery according to the types of flooring which we install. Our vast portfolio counts hundreds of national reference projects!<\/p>\n[\/vc_column_text][\/vc_column][\/vc_row][vc_row type=&#8221;full_width_section&#8221; bottom_padding=&#8221;40&#8243; bg_position=&#8221;left top&#8221;][vc_column][vc_btn title=&#8221;All&#8221; i_icon_fontawesome=&#8221;fas fa-hand-point-right&#8221; add_icon=&#8221;true&#8221; css=&#8221;.vc_custom_1668065917472{margin-right: 10px !important;}&#8221; link=&#8221;url:https%3A%2F%2Fwww.indfloor.ro%2Fen%2Fportfolio-indfloor-group%2F&#8221;][vc_btn title=&#8221;Sport outdoor&#8221; link=&#8221;url:https%3A%2F%2Fwww.indfloor.ro%2Fen%2Fportfolio-indfloor-group%2F&#8221; css=&#8221;.vc_custom_1668065936779{margin-right: 10px !important;}&#8221;][vc_btn title=&#8221;Sport indoor&#8221; css=&#8221;.vc_custom_1668065954897{margin-right: 10px !important;}&#8221; link=&#8221;url:https%3A%2F%2Fwww.indfloor.ro%2Fen%2Fportfolio-indfloor-group%2Findoor-sports-flooring-projects%2F&#8221;][vc_btn title=&#8221;Artificial grass&#8221; link=&#8221;url:https%3A%2F%2Fwww.indfloor.ro%2Fen%2Fportfolio-indfloor-group%2Fartificial-grass-projects-for-sport-fields%2F&#8221; css=&#8221;.vc_custom_1668065984626{margin-right: 10px !important;}&#8221;][vc_btn title=&#8221;Playgrounds&#8221; link=&#8221;url:https%3A%2F%2Fwww.indfloor.ro%2Fen%2Fportfolio-indfloor-group%2Fprofessional-flooring-systems-for-playgrounds%2F&#8221; css=&#8221;.vc_custom_1668066008094{margin-right: 10px !important;}&#8221;][vc_btn title=&#8221;PVC carpet&#8221; link=&#8221;url:https%3A%2F%2Fwww.indfloor.ro%2Fen%2Fportfolio-indfloor-group%2Fpvc-carpet-projects%2F&#8221; css=&#8221;.vc_custom_1668066155760{margin-right: 10px !important;}&#8221;][vc_btn title=&#8221;Professional carpet&#8221; color=&#8221;chino&#8221; link=&#8221;url:https%3A%2F%2Fwww.indfloor.ro%2Fen%2Fportfolio-indfloor-group%2Fprofessional-carpet-projects%2F&#8221; css=&#8221;.vc_custom_1668066261310{margin-right: 10px !important;}&#8221;][vc_btn title=&#8221;Conipave&#8221; link=&#8221;url:https%3A%2F%2Fwww.indfloor.ro%2Fen%2Fportfolio-indfloor-group%2Fconipave-projects%2F&#8221; css=&#8221;.vc_custom_1668068269719{margin-right: 10px !important;}&#8221;][vc_btn title=&#8221;Handrails&#8221; link=&#8221;url:https%3A%2F%2Fwww.indfloor.ro%2Fportofoliu-indfloor-group%2Fmana-curenta%2F&#8221; css=&#8221;.vc_custom_1668066310563{margin-right: 10px !important;}&#8221;][vc_btn title=&#8221;Retopping&#8221; link=&#8221;url:https%3A%2F%2Fwww.indfloor.ro%2Fportofoliu-indfloor-group%2Freconditionare-pardoseli%2F&#8221; css=&#8221;.vc_custom_1668066320465{margin-right: 10px !important;}&#8221;]<div class=\"sec-portfolio projects \"><div class=\"container-after\"><div class=\"row isotope-items-wrap  no-hide-last loadmore-wrapper\" data-load-item=\"8\" data-button-text=\"Load more\"><div class=\"grid-sizer\"><\/div><div class=\"isotope-item col-md-6 professional-carpet \"><div class=\"item\"><div class=\"position-re position-re-order-grid o-hidden\"><div class=\"cd-pt-ab\"><img decoding=\"async\" src=\"https:\/\/www.indfloor.ro\/wp-content\/uploads\/2022\/05\/mocheta-personalizata.jpg\" alt=\"\" \/><\/div><\/div><div class=\"con\"><h6><span class=\"cat-divider\">Professional carpet  <\/span><\/h6><h5><a href=\"https:\/\/www.indfloor.ro\/en\/portofoliu\/mocheta-personalizata-pentru-sala-de-evenimente-tarnaveni-mures\/\">Custom carpet for event hall &#8211; Tarn\u0103veni Mure\u0219<\/a><\/h5><div class=\"line\"><\/div> <a href=\"https:\/\/www.indfloor.ro\/en\/portofoliu\/mocheta-personalizata-pentru-sala-de-evenimente-tarnaveni-mures\/\"><i class=\"ti-arrow-right\"><\/i><\/a><\/div><\/div><\/div><div class=\"isotope-item col-md-6 professional-carpet \"><div class=\"item\"><div class=\"position-re position-re-order-grid o-hidden\"><div class=\"cd-pt-ab\"><img decoding=\"async\" src=\"https:\/\/www.indfloor.ro\/wp-content\/uploads\/2022\/05\/mocheta-sala-nunti1.jpg\" alt=\"\" \/><\/div><\/div><div class=\"con\"><h6><span class=\"cat-divider\">Professional carpet  <\/span><\/h6><h5><a href=\"https:\/\/www.indfloor.ro\/en\/portofoliu\/mocheta-pentru-sala-nunti-targu-mures\/\">Carpet for wedding hall &#8211; Emerald Events T\u00e2rgu Mure\u0219<\/a><\/h5><div class=\"line\"><\/div> <a href=\"https:\/\/www.indfloor.ro\/en\/portofoliu\/mocheta-pentru-sala-nunti-targu-mures\/\"><i class=\"ti-arrow-right\"><\/i><\/a><\/div><\/div><\/div><div class=\"isotope-item col-md-6 professional-carpet \"><div class=\"item\"><div class=\"position-re position-re-order-grid o-hidden\"><div class=\"cd-pt-ab\"><img decoding=\"async\" src=\"https:\/\/www.indfloor.ro\/wp-content\/uploads\/2021\/04\/mocheta-pentru-restaurant9.jpeg\" alt=\"\" \/><\/div><\/div><div class=\"con\"><h6><span class=\"cat-divider\">Professional carpet  <\/span><\/h6><h5><a href=\"https:\/\/www.indfloor.ro\/en\/portofoliu\/mocheta-pentru-restaurant-glamour-buzau\/\">Mochet\u0103 pentru restaurant Glamour Buz\u0103u<\/a><\/h5><div class=\"line\"><\/div> <a href=\"https:\/\/www.indfloor.ro\/en\/portofoliu\/mocheta-pentru-restaurant-glamour-buzau\/\"><i class=\"ti-arrow-right\"><\/i><\/a><\/div><\/div><\/div><div class=\"isotope-item col-md-6 professional-carpet \"><div class=\"item\"><div class=\"position-re position-re-order-grid o-hidden\"><div class=\"cd-pt-ab\"><img decoding=\"async\" src=\"https:\/\/www.indfloor.ro\/wp-content\/uploads\/2020\/09\/mocheta_pentru_hotel_buchenland-3.jpg\" alt=\"\" \/><\/div><\/div><div class=\"con\"><h6><span class=\"cat-divider\">Professional carpet  <\/span><\/h6><h5><a href=\"https:\/\/www.indfloor.ro\/en\/portofoliu\/mocheta-pentru-hotel-buchenland-campulung-moldovenesc\/\">Mochet\u0103 pentru hotel Buchenland C\u00e2mpulung Moldovenesc<\/a><\/h5><div class=\"line\"><\/div> <a href=\"https:\/\/www.indfloor.ro\/en\/portofoliu\/mocheta-pentru-hotel-buchenland-campulung-moldovenesc\/\"><i class=\"ti-arrow-right\"><\/i><\/a><\/div><\/div><\/div><div class=\"isotope-item col-md-6 professional-carpet \"><div class=\"item\"><div class=\"position-re position-re-order-grid o-hidden\"><div class=\"cd-pt-ab\"><img decoding=\"async\" src=\"https:\/\/www.indfloor.ro\/wp-content\/uploads\/2020\/01\/mocheta-dale2.jpeg\" alt=\"\" \/><\/div><\/div><div class=\"con\"><h6><span class=\"cat-divider\">Professional carpet  <\/span><\/h6><h5><a href=\"https:\/\/www.indfloor.ro\/en\/portofoliu\/mocheta-pentru-birouri-transilvania-bois\/\">Mochet\u0103 pentru birouri Transilvania Bois<\/a><\/h5><div class=\"line\"><\/div> <a href=\"https:\/\/www.indfloor.ro\/en\/portofoliu\/mocheta-pentru-birouri-transilvania-bois\/\"><i class=\"ti-arrow-right\"><\/i><\/a><\/div><\/div><\/div><div class=\"isotope-item col-md-6 professional-carpet \"><div class=\"item\"><div class=\"position-re position-re-order-grid o-hidden\"><div class=\"cd-pt-ab\"><img decoding=\"async\" src=\"https:\/\/www.indfloor.ro\/wp-content\/uploads\/2019\/11\/mocheta_personalizata10.jpeg\" alt=\"\" \/><\/div><\/div><div class=\"con\"><h6><span class=\"cat-divider\">Professional carpet  <\/span><\/h6><h5><a href=\"https:\/\/www.indfloor.ro\/en\/portofoliu\/mocheta-trafic-intens-foaier-ateneul-national-iasi\/\">Mochet\u0103 trafic intens foaier Ateneul National Ia\u0219i<\/a><\/h5><div class=\"line\"><\/div> <a href=\"https:\/\/www.indfloor.ro\/en\/portofoliu\/mocheta-trafic-intens-foaier-ateneul-national-iasi\/\"><i class=\"ti-arrow-right\"><\/i><\/a><\/div><\/div><\/div><div class=\"isotope-item col-md-6 professional-carpet \"><div class=\"item\"><div class=\"position-re position-re-order-grid o-hidden\"><div class=\"cd-pt-ab\"><img decoding=\"async\" src=\"https:\/\/www.indfloor.ro\/wp-content\/uploads\/2019\/10\/dale_de_mocheta8.jpeg\" alt=\"\" \/><\/div><\/div><div class=\"con\"><h6><span class=\"cat-divider\">Professional carpet  <\/span><\/h6><h5><a href=\"https:\/\/www.indfloor.ro\/en\/portofoliu\/dale-de-mocheta-hotel-green-garden-odobesti\/\">Dale de mochet\u0103 pentru hotel Green Garden Odobe\u0219ti<\/a><\/h5><div class=\"line\"><\/div> <a href=\"https:\/\/www.indfloor.ro\/en\/portofoliu\/dale-de-mocheta-hotel-green-garden-odobesti\/\"><i class=\"ti-arrow-right\"><\/i><\/a><\/div><\/div><\/div><div class=\"isotope-item col-md-6 professional-carpet \"><div class=\"item\"><div class=\"position-re position-re-order-grid o-hidden\"><div class=\"cd-pt-ab\"><img decoding=\"async\" src=\"https:\/\/www.indfloor.ro\/wp-content\/uploads\/2019\/10\/mocheta-galeria-veche.jpg\" alt=\"\" \/><\/div><\/div><div class=\"con\"><h6><span class=\"cat-divider\">Professional carpet  <\/span><\/h6><h5><a href=\"https:\/\/www.indfloor.ro\/en\/portofoliu\/mocheta-alethea-galeria-veche-ateneu-iasi\/\">Mochet\u0103 Alethea pentru Galeria Veche Ateneu Ia\u0219i<\/a><\/h5><div class=\"line\"><\/div> <a href=\"https:\/\/www.indfloor.ro\/en\/portofoliu\/mocheta-alethea-galeria-veche-ateneu-iasi\/\"><i class=\"ti-arrow-right\"><\/i><\/a><\/div><\/div><\/div><div class=\"isotope-item col-md-6 professional-carpet \"><div class=\"item\"><div class=\"position-re position-re-order-grid o-hidden\"><div class=\"cd-pt-ab\"><img decoding=\"async\" src=\"https:\/\/www.indfloor.ro\/wp-content\/uploads\/2019\/10\/mocheta_personalizata1.jpeg\" alt=\"\" \/><\/div><\/div><div class=\"con\"><h6><span class=\"cat-divider\">Professional carpet  <\/span><\/h6><h5><a href=\"https:\/\/www.indfloor.ro\/en\/portofoliu\/mocheta-personalizata-pentru-restaurant-little-texas-iasi\/\">Mochet\u0103 personalizat\u0103 restaurant Little Texas Ia\u0219i<\/a><\/h5><div class=\"line\"><\/div> <a href=\"https:\/\/www.indfloor.ro\/en\/portofoliu\/mocheta-personalizata-pentru-restaurant-little-texas-iasi\/\"><i class=\"ti-arrow-right\"><\/i><\/a><\/div><\/div><\/div><div class=\"isotope-item col-md-6 professional-carpet \"><div class=\"item\"><div class=\"position-re position-re-order-grid o-hidden\"><div class=\"cd-pt-ab\"><img decoding=\"async\" src=\"https:\/\/www.indfloor.ro\/wp-content\/uploads\/2019\/10\/mocheta-polipropilena.jpg\" alt=\"\" \/><\/div><\/div><div class=\"con\"><h6><span class=\"cat-divider\">Professional carpet  <\/span><\/h6><h5><a href=\"https:\/\/www.indfloor.ro\/en\/portofoliu\/mocheta-vintage-magazin-imbracaminte-iasi\/\">Mochet\u0103 vintage magazin \u00eembr\u0103c\u0103minte Ia\u0219i<\/a><\/h5><div class=\"line\"><\/div> <a href=\"https:\/\/www.indfloor.ro\/en\/portofoliu\/mocheta-vintage-magazin-imbracaminte-iasi\/\"><i class=\"ti-arrow-right\"><\/i><\/a><\/div><\/div><\/div><\/div><\/div><\/div>[\/vc_column][\/vc_row]\n<\/div>","protected":false},"excerpt":{"rendered":"<p>[vc_row top_padding=&#8221;60&#8243; bg_position=&#8221;left top&#8221;][vc_column][vc_column_text] INDFLOOR GROUP &#8211; PORTFOLIO We present you some of our successful projects. Browse the gallery according to the types of flooring which we install. Our vast portfolio counts hundreds of national reference projects! [\/vc_column_text][\/vc_column][\/vc_row][vc_row type=&#8221;full_width_section&#8221; bottom_padding=&#8221;40&#8243; bg_position=&#8221;left top&#8221;][vc_column][vc_btn title=&#8221;All&#8221; i_icon_fontawesome=&#8221;fas fa-hand-point-right&#8221; add_icon=&#8221;true&#8221; css=&#8221;.vc_custom_1668065917472{margin-right: 10px !important;}&#8221; link=&#8221;url:https%3A%2F%2Fwww.indfloor.ro%2Fen%2Fportfolio-indfloor-group%2F&#8221;][vc_btn title=&#8221;Sport outdoor&#8221; link=&#8221;url:https%3A%2F%2Fwww.indfloor.ro%2Fen%2Fportfolio-indfloor-group%2F&#8221; css=&#8221;.vc_custom_1668065936779{margin-right: 10px !important;}&#8221;][vc_btn title=&#8221;Sport indoor&#8221; css=&#8221;.vc_custom_1668065954897{margin-right: 10px&#8230;<\/p>\n","protected":false},"author":4,"featured_media":0,"parent":25588,"menu_order":0,"comment_status":"closed","ping_status":"closed","template":"","meta":{"footnotes":"","_links_to":"","_links_to_target":""},"class_list":["post-26926","page","type-page","status-publish","hentry"],"yoast_head":"<!-- This site is optimized with the Yoast SEO Premium plugin v26.1 (Yoast SEO v26.1.1) - https:\/\/yoast.com\/wordpress\/plugins\/seo\/ -->\n<title>Professional carpet - Indfloor Group<\/title>\n<meta name=\"robots\" content=\"index, follow, max-snippet:-1, max-image-preview:large, max-video-preview:-1\" \/>\n<link rel=\"canonical\" href=\"https:\/\/www.indfloor.ro\/en\/portfolio-indfloor-group\/professional-carpet-projects\/\" \/>\n<meta property=\"og:locale\" content=\"en_US\" \/>\n<meta property=\"og:type\" content=\"article\" \/>\n<meta property=\"og:title\" content=\"Professional carpet\" \/>\n<meta property=\"og:description\" content=\"[vc_row top_padding=&#8221;60&#8243; bg_position=&#8221;left top&#8221;][vc_column][vc_column_text] INDFLOOR GROUP &#8211; PORTFOLIO We present you some of our successful projects. Browse the gallery according to the types of flooring which we install. Our vast portfolio counts hundreds of national reference projects! [\/vc_column_text][\/vc_column][\/vc_row][vc_row type=&#8221;full_width_section&#8221; bottom_padding=&#8221;40&#8243; bg_position=&#8221;left top&#8221;][vc_column][vc_btn title=&#8221;All&#8221; i_icon_fontawesome=&#8221;fas fa-hand-point-right&#8221; add_icon=&#8221;true&#8221; css=&#8221;.vc_custom_1668065917472{margin-right: 10px !important;}&#8221; link=&#8221;url:https%3A%2F%2Fwww.indfloor.ro%2Fen%2Fportfolio-indfloor-group%2F&#8221;][vc_btn title=&#8221;Sport outdoor&#8221; link=&#8221;url:https%3A%2F%2Fwww.indfloor.ro%2Fen%2Fportfolio-indfloor-group%2F&#8221; css=&#8221;.vc_custom_1668065936779{margin-right: 10px !important;}&#8221;][vc_btn title=&#8221;Sport indoor&#8221; css=&#8221;.vc_custom_1668065954897{margin-right: 10px...\" \/>\n<meta property=\"og:url\" content=\"https:\/\/www.indfloor.ro\/en\/portfolio-indfloor-group\/professional-carpet-projects\/\" \/>\n<meta property=\"og:site_name\" content=\"Indfloor Group\" \/>\n<meta property=\"article:modified_time\" content=\"2022-11-10T08:17:59+00:00\" \/>\n<meta property=\"og:image\" content=\"https:\/\/www.indfloor.ro\/wp-content\/uploads\/2021\/08\/pardoseli-din-cauciuc.jpg\" \/>\n\t<meta property=\"og:image:width\" content=\"1024\" \/>\n\t<meta property=\"og:image:height\" content=\"576\" \/>\n\t<meta property=\"og:image:type\" content=\"image\/jpeg\" \/>\n<meta name=\"twitter:card\" content=\"summary_large_image\" \/>\n<meta name=\"twitter:label1\" content=\"Est. reading time\" \/>\n\t<meta name=\"twitter:data1\" content=\"2 minutes\" \/>\n<script type=\"application\/ld+json\" class=\"yoast-schema-graph\">{\"@context\":\"https:\/\/schema.org\",\"@graph\":[{\"@type\":\"WebPage\",\"@id\":\"https:\/\/www.indfloor.ro\/en\/portfolio-indfloor-group\/professional-carpet-projects\/\",\"url\":\"https:\/\/www.indfloor.ro\/en\/portfolio-indfloor-group\/professional-carpet-projects\/\",\"name\":\"Professional carpet - Indfloor Group\",\"isPartOf\":{\"@id\":\"https:\/\/www.indfloor.ro\/en\/#website\"},\"datePublished\":\"2022-04-28T12:55:09+00:00\",\"dateModified\":\"2022-11-10T08:17:59+00:00\",\"breadcrumb\":{\"@id\":\"https:\/\/www.indfloor.ro\/en\/portfolio-indfloor-group\/professional-carpet-projects\/#breadcrumb\"},\"inLanguage\":\"en-US\",\"potentialAction\":[{\"@type\":\"ReadAction\",\"target\":[\"https:\/\/www.indfloor.ro\/en\/portfolio-indfloor-group\/professional-carpet-projects\/\"]}]},{\"@type\":\"BreadcrumbList\",\"@id\":\"https:\/\/www.indfloor.ro\/en\/portfolio-indfloor-group\/professional-carpet-projects\/#breadcrumb\",\"itemListElement\":[{\"@type\":\"ListItem\",\"position\":1,\"name\":\"Prima pagin\u0103\",\"item\":\"https:\/\/www.indfloor.ro\/en\/\"},{\"@type\":\"ListItem\",\"position\":2,\"name\":\"Portfolio\",\"item\":\"https:\/\/www.indfloor.ro\/en\/portfolio-indfloor-group\/\"},{\"@type\":\"ListItem\",\"position\":3,\"name\":\"Professional carpet\"}]},{\"@type\":\"WebSite\",\"@id\":\"https:\/\/www.indfloor.ro\/en\/#website\",\"url\":\"https:\/\/www.indfloor.ro\/en\/\",\"name\":\"Indfloor Group\",\"description\":\"pardoseli profesionale\",\"potentialAction\":[{\"@type\":\"SearchAction\",\"target\":{\"@type\":\"EntryPoint\",\"urlTemplate\":\"https:\/\/www.indfloor.ro\/en\/?s={search_term_string}\"},\"query-input\":{\"@type\":\"PropertyValueSpecification\",\"valueRequired\":true,\"valueName\":\"search_term_string\"}}],\"inLanguage\":\"en-US\"}]}<\/script>\n<!-- \/ Yoast SEO Premium plugin. -->","yoast_head_json":{"title":"Professional carpet - Indfloor Group","robots":{"index":"index","follow":"follow","max-snippet":"max-snippet:-1","max-image-preview":"max-image-preview:large","max-video-preview":"max-video-preview:-1"},"canonical":"https:\/\/www.indfloor.ro\/en\/portfolio-indfloor-group\/professional-carpet-projects\/","og_locale":"en_US","og_type":"article","og_title":"Professional carpet","og_description":"[vc_row top_padding=&#8221;60&#8243; bg_position=&#8221;left top&#8221;][vc_column][vc_column_text] INDFLOOR GROUP &#8211; PORTFOLIO We present you some of our successful projects. Browse the gallery according to the types of flooring which we install. Our vast portfolio counts hundreds of national reference projects! [\/vc_column_text][\/vc_column][\/vc_row][vc_row type=&#8221;full_width_section&#8221; bottom_padding=&#8221;40&#8243; bg_position=&#8221;left top&#8221;][vc_column][vc_btn title=&#8221;All&#8221; i_icon_fontawesome=&#8221;fas fa-hand-point-right&#8221; add_icon=&#8221;true&#8221; css=&#8221;.vc_custom_1668065917472{margin-right: 10px !important;}&#8221; link=&#8221;url:https%3A%2F%2Fwww.indfloor.ro%2Fen%2Fportfolio-indfloor-group%2F&#8221;][vc_btn title=&#8221;Sport outdoor&#8221; link=&#8221;url:https%3A%2F%2Fwww.indfloor.ro%2Fen%2Fportfolio-indfloor-group%2F&#8221; css=&#8221;.vc_custom_1668065936779{margin-right: 10px !important;}&#8221;][vc_btn title=&#8221;Sport indoor&#8221; css=&#8221;.vc_custom_1668065954897{margin-right: 10px...","og_url":"https:\/\/www.indfloor.ro\/en\/portfolio-indfloor-group\/professional-carpet-projects\/","og_site_name":"Indfloor Group","article_modified_time":"2022-11-10T08:17:59+00:00","og_image":[{"width":1024,"height":576,"url":"https:\/\/www.indfloor.ro\/wp-content\/uploads\/2021\/08\/pardoseli-din-cauciuc.jpg","type":"image\/jpeg"}],"twitter_card":"summary_large_image","twitter_misc":{"Est. reading time":"2 minutes"},"schema":{"@context":"https:\/\/schema.org","@graph":[{"@type":"WebPage","@id":"https:\/\/www.indfloor.ro\/en\/portfolio-indfloor-group\/professional-carpet-projects\/","url":"https:\/\/www.indfloor.ro\/en\/portfolio-indfloor-group\/professional-carpet-projects\/","name":"Professional carpet - Indfloor Group","isPartOf":{"@id":"https:\/\/www.indfloor.ro\/en\/#website"},"datePublished":"2022-04-28T12:55:09+00:00","dateModified":"2022-11-10T08:17:59+00:00","breadcrumb":{"@id":"https:\/\/www.indfloor.ro\/en\/portfolio-indfloor-group\/professional-carpet-projects\/#breadcrumb"},"inLanguage":"en-US","potentialAction":[{"@type":"ReadAction","target":["https:\/\/www.indfloor.ro\/en\/portfolio-indfloor-group\/professional-carpet-projects\/"]}]},{"@type":"BreadcrumbList","@id":"https:\/\/www.indfloor.ro\/en\/portfolio-indfloor-group\/professional-carpet-projects\/#breadcrumb","itemListElement":[{"@type":"ListItem","position":1,"name":"Prima pagin\u0103","item":"https:\/\/www.indfloor.ro\/en\/"},{"@type":"ListItem","position":2,"name":"Portfolio","item":"https:\/\/www.indfloor.ro\/en\/portfolio-indfloor-group\/"},{"@type":"ListItem","position":3,"name":"Professional carpet"}]},{"@type":"WebSite","@id":"https:\/\/www.indfloor.ro\/en\/#website","url":"https:\/\/www.indfloor.ro\/en\/","name":"Indfloor Group","description":"pardoseli profesionale","potentialAction":[{"@type":"SearchAction","target":{"@type":"EntryPoint","urlTemplate":"https:\/\/www.indfloor.ro\/en\/?s={search_term_string}"},"query-input":{"@type":"PropertyValueSpecification","valueRequired":true,"valueName":"search_term_string"}}],"inLanguage":"en-US"}]}},"_links":{"self":[{"href":"https:\/\/www.indfloor.ro\/en\/wp-json\/wp\/v2\/pages\/26926","targetHints":{"allow":["GET"]}}],"collection":[{"href":"https:\/\/www.indfloor.ro\/en\/wp-json\/wp\/v2\/pages"}],"about":[{"href":"https:\/\/www.indfloor.ro\/en\/wp-json\/wp\/v2\/types\/page"}],"author":[{"embeddable":true,"href":"https:\/\/www.indfloor.ro\/en\/wp-json\/wp\/v2\/users\/4"}],"replies":[{"embeddable":true,"href":"https:\/\/www.indfloor.ro\/en\/wp-json\/wp\/v2\/comments?post=26926"}],"version-history":[{"count":8,"href":"https:\/\/www.indfloor.ro\/en\/wp-json\/wp\/v2\/pages\/26926\/revisions"}],"predecessor-version":[{"id":26944,"href":"https:\/\/www.indfloor.ro\/en\/wp-json\/wp\/v2\/pages\/26926\/revisions\/26944"}],"up":[{"embeddable":true,"href":"https:\/\/www.indfloor.ro\/en\/wp-json\/wp\/v2\/pages\/25588"}],"wp:attachment":[{"href":"https:\/\/www.indfloor.ro\/en\/wp-json\/wp\/v2\/media?parent=26926"}],"curies":[{"name":"wp","href":"https:\/\/api.w.org\/{rel}","templated":true}]}}